{"id":8064,"date":"2022-11-01T10:34:43","date_gmt":"2022-11-01T09:34:43","guid":{"rendered":"https:\/\/bigbangyoga.org\/?page_id=8064"},"modified":"2022-12-12T10:52:47","modified_gmt":"2022-12-12T09:52:47","slug":"bienvenue-2","status":"publish","type":"page","link":"https:\/\/bigbangyoga.org\/fr\/","title":{"rendered":"Bienvenue!"},"content":{"rendered":"\n<div class=\"wp-block-columns is-layout-flex wp-container-core-columns-is-layout-9d6595d7 wp-block-columns-is-layout-flex\">\n<div class=\"wp-block-column is-layout-flow wp-block-column-is-layout-flow\" style=\"flex-basis:66.66%\">\n<div class=\"wp-block-columns is-layout-flex wp-container-core-columns-is-layout-9d6595d7 wp-block-columns-is-layout-flex\">\n<div class=\"wp-block-column is-layout-flow wp-block-column-is-layout-flow\">\n<p class=\"has-large-font-size\">Mes livres<\/p>\n\n\n\t\t\t<style type=\"text\/css\">\n\t\t\t.display-post-types {opacity: 0;}\t\t\t<\/style>\n\t\t\t\t\t\t<div class=\"display-post-types\"><div id=\"dpt-wrapper-4\" class=\"dpt-wrapper dpt-slider1 slider-wrapper centercrop port1 col-nr-2 multi-col dpt-cropped dpt-slider\"  data-autotime=\"3000\">\n\n\t\t\t\t\t\t\t<div class=\"dpt-entry has-thumbnail\">\n\t\t\t\t\t<div class=\"dpt-entry-wrapper\"><div class=\" dpt-featured-content\"><a href=\"https:\/\/bigbangyoga.org\/fr\/2022\/11\/21\/versets-de-nanak\/\" class=\"dpt-permalink\"><span class=\"screen-reader-text\">Versets de Nanak<\/span><\/a><div class=\"dpt-thumbnail portrait\"><img loading=\"lazy\" decoding=\"async\" width=\"500\" height=\"652\" src=\"https:\/\/bigbangyoga.org\/wp-content\/uploads\/2022\/11\/71SM1j43NtL-e1669026886438.jpg\" class=\"attachment-dpt-large size-dpt-large wp-post-image\" alt=\"\" srcset=\"https:\/\/bigbangyoga.org\/wp-content\/uploads\/2022\/11\/71SM1j43NtL-e1669026886438.jpg 500w, https:\/\/bigbangyoga.org\/wp-content\/uploads\/2022\/11\/71SM1j43NtL-e1669026886438-230x300.jpg 230w\" sizes=\"auto, (max-width: 500px) 100vw, 500px\" \/><\/div><\/div><div class=\" sub-entry\"><div class=\"dpt-meta dpt-meta1\"><div class=\"dpt-author\"><a href=\"https:\/\/bigbangyoga.org\/fr\/author\/nsehmi\/\"><span>Naginder Sehmi<\/span><\/a><\/div> &middot; <div class=\"dpt-date\"><time datetime=\"2022-11-21T11:27:23+01:00\">21 novembre 2022<\/time><\/div><\/div><h3 class=\"dpt-title\"><a class=\"dpt-title-link\" href=\"https:\/\/bigbangyoga.org\/fr\/2022\/11\/21\/versets-de-nanak\/\" rel=\"bookmark\">Versets de Nanak<\/a><\/h3><\/div><\/div>\n\t\t\t\t<\/div><!-- .dpt-entry -->\n\t\t\t\t\t\t\t\t<div class=\"dpt-entry has-thumbnail\">\n\t\t\t\t\t<div class=\"dpt-entry-wrapper\"><div class=\" dpt-featured-content\"><a href=\"https:\/\/bigbangyoga.org\/fr\/2022\/11\/17\/une-lumiere-voyageuse-legendes-dun-fakir-indien\/\" class=\"dpt-permalink\"><span class=\"screen-reader-text\">Une Lumi\u00e8re Voyageuse: L\u00e9gendes d&rsquo;un Fakir Indien<\/span><\/a><div class=\"dpt-thumbnail portrait\"><img loading=\"lazy\" decoding=\"async\" width=\"213\" height=\"307\" src=\"https:\/\/bigbangyoga.org\/wp-content\/uploads\/2022\/07\/Book-Cover-FR-small.jpeg\" class=\"attachment-dpt-large size-dpt-large wp-post-image\" alt=\"\" srcset=\"https:\/\/bigbangyoga.org\/wp-content\/uploads\/2022\/07\/Book-Cover-FR-small.jpeg 213w, https:\/\/bigbangyoga.org\/wp-content\/uploads\/2022\/07\/Book-Cover-FR-small-208x300.jpeg 208w\" sizes=\"auto, (max-width: 213px) 100vw, 213px\" \/><\/div><\/div><div class=\" sub-entry\"><div class=\"dpt-meta dpt-meta1\"><div class=\"dpt-author\"><a href=\"https:\/\/bigbangyoga.org\/fr\/author\/nsehmi\/\"><span>Naginder Sehmi<\/span><\/a><\/div> &middot; <div class=\"dpt-date\"><time datetime=\"2022-11-17T09:19:33+01:00\">17 novembre 2022<\/time><\/div><\/div><h3 class=\"dpt-title\"><a class=\"dpt-title-link\" href=\"https:\/\/bigbangyoga.org\/fr\/2022\/11\/17\/une-lumiere-voyageuse-legendes-dun-fakir-indien\/\" rel=\"bookmark\">Une Lumi\u00e8re Voyageuse: L\u00e9gendes d&rsquo;un Fakir Indien<\/a><\/h3><\/div><\/div>\n\t\t\t\t<\/div><!-- .dpt-entry -->\n\t\t\t\t\t\t\t\t<div class=\"dpt-entry has-thumbnail\">\n\t\t\t\t\t<div class=\"dpt-entry-wrapper\"><div class=\" dpt-featured-content\"><a href=\"https:\/\/bigbangyoga.org\/fr\/2022\/10\/14\/les-chants-de-nanak-dev-le-premier-sikh\/\" class=\"dpt-permalink\"><span class=\"screen-reader-text\">Les Chants de Nanak Dev, le premier Sikh<\/span><\/a><div class=\"dpt-thumbnail portrait\"><img loading=\"lazy\" decoding=\"async\" width=\"523\" height=\"670\" src=\"https:\/\/bigbangyoga.org\/wp-content\/uploads\/2022\/10\/Nanak-dev.png\" class=\"attachment-dpt-large size-dpt-large wp-post-image\" alt=\"\" srcset=\"https:\/\/bigbangyoga.org\/wp-content\/uploads\/2022\/10\/Nanak-dev.png 523w, https:\/\/bigbangyoga.org\/wp-content\/uploads\/2022\/10\/Nanak-dev-234x300.png 234w\" sizes=\"auto, (max-width: 523px) 100vw, 523px\" \/><\/div><\/div><div class=\" sub-entry\"><div class=\"dpt-meta dpt-meta1\"><div class=\"dpt-author\"><a href=\"https:\/\/bigbangyoga.org\/fr\/author\/netoxygen\/\"><span>netoxygen<\/span><\/a><\/div> &middot; <div class=\"dpt-date\"><time datetime=\"2022-10-14T10:28:18+02:00\">14 octobre 2022<\/time><\/div><\/div><h3 class=\"dpt-title\"><a class=\"dpt-title-link\" href=\"https:\/\/bigbangyoga.org\/fr\/2022\/10\/14\/les-chants-de-nanak-dev-le-premier-sikh\/\" rel=\"bookmark\">Les Chants de Nanak Dev, le premier Sikh<\/a><\/h3><\/div><\/div>\n\t\t\t\t<\/div><!-- .dpt-entry -->\n\t\t\t\t\t\t\t\t<div class=\"dpt-entry has-thumbnail\">\n\t\t\t\t\t<div class=\"dpt-entry-wrapper\"><div class=\" dpt-featured-content\"><a href=\"https:\/\/bigbangyoga.org\/fr\/2021\/11\/16\/le-coupable-qui-a-rendu-ma-terre-malade\/\" class=\"dpt-permalink\"><span class=\"screen-reader-text\">Le coupable qui a rendu ma terre malade<\/span><\/a><div class=\"dpt-thumbnail landscape\"><img loading=\"lazy\" decoding=\"async\" width=\"1190\" height=\"432\" src=\"https:\/\/bigbangyoga.org\/wp-content\/uploads\/2020\/12\/BHG_INTRO.jpg\" class=\"attachment-dpt-large size-dpt-large wp-post-image\" alt=\"\" srcset=\"https:\/\/bigbangyoga.org\/wp-content\/uploads\/2020\/12\/BHG_INTRO.jpg 1190w, https:\/\/bigbangyoga.org\/wp-content\/uploads\/2020\/12\/BHG_INTRO-300x109.jpg 300w, https:\/\/bigbangyoga.org\/wp-content\/uploads\/2020\/12\/BHG_INTRO-1024x372.jpg 1024w, https:\/\/bigbangyoga.org\/wp-content\/uploads\/2020\/12\/BHG_INTRO-768x279.jpg 768w\" sizes=\"auto, (max-width: 1190px) 100vw, 1190px\" \/><\/div><\/div><div class=\" sub-entry\"><div class=\"dpt-meta dpt-meta1\"><div class=\"dpt-author\"><a href=\"https:\/\/bigbangyoga.org\/fr\/author\/nsehmi\/\"><span>Naginder Sehmi<\/span><\/a><\/div> &middot; <div class=\"dpt-date\"><time datetime=\"2021-11-16T17:11:43+01:00\">16 novembre 2021<\/time><\/div><\/div><h3 class=\"dpt-title\"><a class=\"dpt-title-link\" href=\"https:\/\/bigbangyoga.org\/fr\/2021\/11\/16\/le-coupable-qui-a-rendu-ma-terre-malade\/\" rel=\"bookmark\">Le coupable qui a rendu ma terre malade<\/a><\/h3><\/div><\/div>\n\t\t\t\t<\/div><!-- .dpt-entry -->\n\t\t\t\t\t\t\t\t<div class=\"dpt-entry has-thumbnail\">\n\t\t\t\t\t<div class=\"dpt-entry-wrapper\"><div class=\" dpt-featured-content\"><a href=\"https:\/\/bigbangyoga.org\/fr\/2021\/09\/14\/le-coin-de-paradis-a-geneve\/\" class=\"dpt-permalink\"><span class=\"screen-reader-text\">Le coin de paradis \u00e0 Gen\u00e8ve<\/span><\/a><div class=\"dpt-thumbnail landscape\"><img loading=\"lazy\" decoding=\"async\" width=\"337\" height=\"264\" src=\"https:\/\/bigbangyoga.org\/wp-content\/uploads\/2021\/09\/Paradis.png\" class=\"attachment-dpt-large size-dpt-large wp-post-image\" alt=\"\" srcset=\"https:\/\/bigbangyoga.org\/wp-content\/uploads\/2021\/09\/Paradis.png 337w, https:\/\/bigbangyoga.org\/wp-content\/uploads\/2021\/09\/Paradis-300x235.png 300w\" sizes=\"auto, (max-width: 337px) 100vw, 337px\" \/><\/div><\/div><div class=\" sub-entry\"><div class=\"dpt-meta dpt-meta1\"><div class=\"dpt-author\"><a href=\"https:\/\/bigbangyoga.org\/fr\/author\/nsehmi\/\"><span>Naginder Sehmi<\/span><\/a><\/div> &middot; <div class=\"dpt-date\"><time datetime=\"2021-09-14T17:41:22+02:00\">14 septembre 2021<\/time><\/div><\/div><h3 class=\"dpt-title\"><a class=\"dpt-title-link\" href=\"https:\/\/bigbangyoga.org\/fr\/2021\/09\/14\/le-coin-de-paradis-a-geneve\/\" rel=\"bookmark\">Le coin de paradis \u00e0 Gen\u00e8ve<\/a><\/h3><\/div><\/div>\n\t\t\t\t<\/div><!-- .dpt-entry -->\n\t\t\t\t\t\t\t\t<div class=\"dpt-entry has-thumbnail\">\n\t\t\t\t\t<div class=\"dpt-entry-wrapper\"><div class=\" dpt-featured-content\"><a href=\"https:\/\/bigbangyoga.org\/fr\/2015\/03\/18\/le-coin-de-paradis\/\" class=\"dpt-permalink\"><span class=\"screen-reader-text\">Le Coin de Paradis<\/span><\/a><div class=\"dpt-thumbnail portrait\"><img loading=\"lazy\" decoding=\"async\" width=\"827\" height=\"1170\" src=\"https:\/\/bigbangyoga.org\/wp-content\/uploads\/2020\/11\/Le_Coin_de_Paradis_Broch-2mo_Page_01.png\" class=\"attachment-dpt-large size-dpt-large wp-post-image\" alt=\"\" srcset=\"https:\/\/bigbangyoga.org\/wp-content\/uploads\/2020\/11\/Le_Coin_de_Paradis_Broch-2mo_Page_01.png 827w, https:\/\/bigbangyoga.org\/wp-content\/uploads\/2020\/11\/Le_Coin_de_Paradis_Broch-2mo_Page_01-212x300.png 212w, https:\/\/bigbangyoga.org\/wp-content\/uploads\/2020\/11\/Le_Coin_de_Paradis_Broch-2mo_Page_01-724x1024.png 724w, https:\/\/bigbangyoga.org\/wp-content\/uploads\/2020\/11\/Le_Coin_de_Paradis_Broch-2mo_Page_01-768x1087.png 768w\" sizes=\"auto, (max-width: 827px) 100vw, 827px\" \/><\/div><\/div><div class=\" sub-entry\"><div class=\"dpt-meta dpt-meta1\"><div class=\"dpt-author\"><a href=\"https:\/\/bigbangyoga.org\/fr\/author\/nsehmi\/\"><span>Naginder Sehmi<\/span><\/a><\/div> &middot; <div class=\"dpt-date\"><time datetime=\"2015-03-18T22:49:44+01:00\">18 mars 2015<\/time><\/div><\/div><h3 class=\"dpt-title\"><a class=\"dpt-title-link\" href=\"https:\/\/bigbangyoga.org\/fr\/2015\/03\/18\/le-coin-de-paradis\/\" rel=\"bookmark\">Le Coin de Paradis<\/a><\/h3><\/div><\/div>\n\t\t\t\t<\/div><!-- .dpt-entry -->\n\t\t\t\t\t\t\t\t<div class=\"dpt-entry has-thumbnail\">\n\t\t\t\t\t<div class=\"dpt-entry-wrapper\"><div class=\" dpt-featured-content\"><a href=\"https:\/\/bigbangyoga.org\/fr\/2015\/01\/07\/nouveau-dieu-le-big-bang\/\" class=\"dpt-permalink\"><span class=\"screen-reader-text\">Nouveau Dieu le Big Bang<\/span><\/a><div class=\"dpt-thumbnail landscape\"><img loading=\"lazy\" decoding=\"async\" width=\"489\" height=\"257\" src=\"https:\/\/bigbangyoga.org\/wp-content\/uploads\/2020\/12\/Recit-13-Humains.png\" class=\"attachment-dpt-large size-dpt-large wp-post-image\" alt=\"\" srcset=\"https:\/\/bigbangyoga.org\/wp-content\/uploads\/2020\/12\/Recit-13-Humains.png 489w, https:\/\/bigbangyoga.org\/wp-content\/uploads\/2020\/12\/Recit-13-Humains-300x158.png 300w\" sizes=\"auto, (max-width: 489px) 100vw, 489px\" \/><\/div><\/div><div class=\" sub-entry\"><div class=\"dpt-meta dpt-meta1\"><div class=\"dpt-author\"><a href=\"https:\/\/bigbangyoga.org\/fr\/author\/nsehmi\/\"><span>Naginder Sehmi<\/span><\/a><\/div> &middot; <div class=\"dpt-date\"><time datetime=\"2015-01-07T05:16:46+01:00\">7 janvier 2015<\/time><\/div><\/div><h3 class=\"dpt-title\"><a class=\"dpt-title-link\" href=\"https:\/\/bigbangyoga.org\/fr\/2015\/01\/07\/nouveau-dieu-le-big-bang\/\" rel=\"bookmark\">Nouveau Dieu le Big Bang<\/a><\/h3><\/div><\/div>\n\t\t\t\t<\/div><!-- .dpt-entry -->\n\t\t\t\t\n\t\t\t<\/div>\n\t\t\t\t\t\t<\/div>\n\t\t\t\n\n\n<p class=\"has-large-font-size\">\u00c0 lire \u00e9galement &#8211; Blogs<\/p>\n<\/div>\n<\/div>\n\n\n\t\t\t<style type=\"text\/css\">\n\t\t\t.display-post-types {opacity: 0;}\t\t\t<\/style>\n\t\t\t\t\t\t<div class=\"display-post-types\"><div id=\"dpt-wrapper-5\" class=\"dpt-wrapper dpt-grid2 centercrop land2 col-nr-2 multi-col dpt-cropped dpt-flex-wrap\" >\n\n\t\t\t\t\t\t\t<div class=\"dpt-entry has-thumbnail\">\n\t\t\t\t\t<div class=\"dpt-entry-wrapper\"><div class=\" dpt-featured-content\"><a href=\"https:\/\/bigbangyoga.org\/fr\/yogic-running-fr\/\" class=\"dpt-permalink\"><span class=\"screen-reader-text\">Yogic Running<\/span><\/a><div class=\"dpt-thumbnail landscape\"><img loading=\"lazy\" decoding=\"async\" width=\"400\" height=\"280\" src=\"https:\/\/bigbangyoga.org\/wp-content\/uploads\/2022\/01\/yogic-running_opt.png\" class=\"attachment-dpt-medium size-dpt-medium wp-post-image\" alt=\"\" srcset=\"https:\/\/bigbangyoga.org\/wp-content\/uploads\/2022\/01\/yogic-running_opt.png 400w, https:\/\/bigbangyoga.org\/wp-content\/uploads\/2022\/01\/yogic-running_opt-300x210.png 300w\" sizes=\"auto, (max-width: 400px) 100vw, 400px\" \/><\/div><\/div><div class=\" sub-entry\"><h3 class=\"dpt-title\"><a class=\"dpt-title-link\" href=\"https:\/\/bigbangyoga.org\/fr\/yogic-running-fr\/\" rel=\"bookmark\">Yogic Running<\/a><\/h3><\/div><\/div>\n\t\t\t\t<\/div><!-- .dpt-entry -->\n\t\t\t\t\t\t\t\t<div class=\"dpt-entry has-thumbnail\">\n\t\t\t\t\t<div class=\"dpt-entry-wrapper\"><div class=\" dpt-featured-content\"><a href=\"https:\/\/bigbangyoga.org\/fr\/travels-fr\/\" class=\"dpt-permalink\"><span class=\"screen-reader-text\">Voyages<\/span><\/a><div class=\"dpt-thumbnail landscape\"><img loading=\"lazy\" decoding=\"async\" width=\"400\" height=\"280\" src=\"https:\/\/bigbangyoga.org\/wp-content\/uploads\/2022\/01\/travels_opt.jpg\" class=\"attachment-dpt-medium size-dpt-medium wp-post-image\" alt=\"\" srcset=\"https:\/\/bigbangyoga.org\/wp-content\/uploads\/2022\/01\/travels_opt.jpg 400w, https:\/\/bigbangyoga.org\/wp-content\/uploads\/2022\/01\/travels_opt-300x210.jpg 300w\" sizes=\"auto, (max-width: 400px) 100vw, 400px\" \/><\/div><\/div><div class=\" sub-entry\"><h3 class=\"dpt-title\"><a class=\"dpt-title-link\" href=\"https:\/\/bigbangyoga.org\/fr\/travels-fr\/\" rel=\"bookmark\">Voyages<\/a><\/h3><\/div><\/div>\n\t\t\t\t<\/div><!-- .dpt-entry -->\n\t\t\t\t\t\t\t\t<div class=\"dpt-entry has-thumbnail\">\n\t\t\t\t\t<div class=\"dpt-entry-wrapper\"><div class=\" dpt-featured-content\"><a href=\"https:\/\/bigbangyoga.org\/fr\/sauver-la-terre\/\" class=\"dpt-permalink\"><span class=\"screen-reader-text\">Sauver la Terre<\/span><\/a><div class=\"dpt-thumbnail landscape\"><img loading=\"lazy\" decoding=\"async\" width=\"1600\" height=\"1121\" src=\"https:\/\/bigbangyoga.org\/wp-content\/uploads\/2022\/01\/Swans.jpg\" class=\"attachment-dpt-medium size-dpt-medium wp-post-image\" alt=\"\" srcset=\"https:\/\/bigbangyoga.org\/wp-content\/uploads\/2022\/01\/Swans.jpg 1600w, https:\/\/bigbangyoga.org\/wp-content\/uploads\/2022\/01\/Swans-300x210.jpg 300w, https:\/\/bigbangyoga.org\/wp-content\/uploads\/2022\/01\/Swans-1024x717.jpg 1024w, https:\/\/bigbangyoga.org\/wp-content\/uploads\/2022\/01\/Swans-768x538.jpg 768w, https:\/\/bigbangyoga.org\/wp-content\/uploads\/2022\/01\/Swans-1536x1076.jpg 1536w\" sizes=\"auto, (max-width: 1600px) 100vw, 1600px\" \/><\/div><\/div><div class=\" sub-entry\"><h3 class=\"dpt-title\"><a class=\"dpt-title-link\" href=\"https:\/\/bigbangyoga.org\/fr\/sauver-la-terre\/\" rel=\"bookmark\">Sauver la Terre<\/a><\/h3><\/div><\/div>\n\t\t\t\t<\/div><!-- .dpt-entry -->\n\t\t\t\t\t\t\t\t<div class=\"dpt-entry has-thumbnail\">\n\t\t\t\t\t<div class=\"dpt-entry-wrapper\"><div class=\" dpt-featured-content\"><a href=\"https:\/\/bigbangyoga.org\/fr\/man-vs-nature-fr\/\" class=\"dpt-permalink\"><span class=\"screen-reader-text\">Man vs nature<\/span><\/a><div class=\"dpt-thumbnail landscape\"><img loading=\"lazy\" decoding=\"async\" width=\"1600\" height=\"1120\" src=\"https:\/\/bigbangyoga.org\/wp-content\/uploads\/2022\/01\/Lost-in-dead-nature.jpeg\" class=\"attachment-dpt-medium size-dpt-medium wp-post-image\" alt=\"\" srcset=\"https:\/\/bigbangyoga.org\/wp-content\/uploads\/2022\/01\/Lost-in-dead-nature.jpeg 1600w, https:\/\/bigbangyoga.org\/wp-content\/uploads\/2022\/01\/Lost-in-dead-nature-300x210.jpeg 300w, https:\/\/bigbangyoga.org\/wp-content\/uploads\/2022\/01\/Lost-in-dead-nature-1024x717.jpeg 1024w, https:\/\/bigbangyoga.org\/wp-content\/uploads\/2022\/01\/Lost-in-dead-nature-768x538.jpeg 768w, https:\/\/bigbangyoga.org\/wp-content\/uploads\/2022\/01\/Lost-in-dead-nature-1536x1075.jpeg 1536w\" sizes=\"auto, (max-width: 1600px) 100vw, 1600px\" \/><\/div><\/div><div class=\" sub-entry\"><h3 class=\"dpt-title\"><a class=\"dpt-title-link\" href=\"https:\/\/bigbangyoga.org\/fr\/man-vs-nature-fr\/\" rel=\"bookmark\">Man vs nature<\/a><\/h3><\/div><\/div>\n\t\t\t\t<\/div><!-- .dpt-entry -->\n\t\t\t\t\t\t\t\t<div class=\"dpt-entry has-thumbnail\">\n\t\t\t\t\t<div class=\"dpt-entry-wrapper\"><div class=\" dpt-featured-content\"><a href=\"https:\/\/bigbangyoga.org\/fr\/habitat\/\" class=\"dpt-permalink\"><span class=\"screen-reader-text\">Habitat<\/span><\/a><div class=\"dpt-thumbnail landscape\"><img loading=\"lazy\" decoding=\"async\" width=\"587\" height=\"344\" src=\"https:\/\/bigbangyoga.org\/wp-content\/uploads\/2020\/12\/Recit-16-Jungfrau.jpg\" class=\"attachment-dpt-medium size-dpt-medium wp-post-image\" alt=\"\" srcset=\"https:\/\/bigbangyoga.org\/wp-content\/uploads\/2020\/12\/Recit-16-Jungfrau.jpg 587w, https:\/\/bigbangyoga.org\/wp-content\/uploads\/2020\/12\/Recit-16-Jungfrau-300x176.jpg 300w\" sizes=\"auto, (max-width: 587px) 100vw, 587px\" \/><\/div><\/div><div class=\" sub-entry\"><h3 class=\"dpt-title\"><a class=\"dpt-title-link\" href=\"https:\/\/bigbangyoga.org\/fr\/habitat\/\" rel=\"bookmark\">Habitat<\/a><\/h3><\/div><\/div>\n\t\t\t\t<\/div><!-- .dpt-entry -->\n\t\t\t\t\n\t\t\t<\/div>\n\t\t\t<div class=\"dp-pagination\"><\/div>\t\t\t<\/div>\n\t\t\t<\/div>\n\n\n\n<div class=\"wp-block-column meet-the-author-column is-layout-flow wp-block-column-is-layout-flow\" style=\"flex-basis:33.33%\"><div class=\"wp-block-image\">\n<figure class=\"aligncenter size-full is-resized\"><img loading=\"lazy\" decoding=\"async\" src=\"http:\/\/bigbangyoga.org\/wp-content\/uploads\/2022\/10\/nphoto1-225x300-1.jpg\" alt=\"\" class=\"wp-image-7616\" width=\"145\" height=\"194\"\/><\/figure>\n<\/div>\n\n\n<p><\/p>\n\n\n\n<div class=\"wp-block-group\"><div class=\"wp-block-group__inner-container is-layout-flow wp-block-group-is-layout-flow\">\n<p class=\"meet-the-author-text has-small-font-size\"><a href=\"https:\/\/bigbangyoga.org\/2022\/02\/15\/meet-the-author-french\/\"><strong>Naginder Singh Sehmi<\/strong> <\/a>est n\u00e9 au Kenya et passe maintenant sa retraite en Suisse, il reste n\u00e9anmoins en ses convictions un homme Indien et un Sikh qui \u00e0 pass\u00e9 une grande partie de sa vie \u00e0 franchir les croisements entre les cultures occidentales et orientales et les fronti\u00e8res entre science et Spiritualit\u00e9<\/p>\n<\/div><\/div>\n\n\n<form role=\"search\" method=\"get\" action=\"https:\/\/bigbangyoga.org\/fr\/\" class=\"wp-block-search__button-outside wp-block-search__text-button meet-the-author-text wp-block-search\"    ><label class=\"wp-block-search__label\" for=\"wp-block-search__input-1\" >Recherche<\/label><div class=\"wp-block-search__inside-wrapper\" ><input class=\"wp-block-search__input\" id=\"wp-block-search__input-1\" placeholder=\"Sujet de recherche...\" value=\"\" type=\"search\" name=\"s\" required \/><button aria-label=\"Go\" class=\"wp-block-search__button wp-element-button\" type=\"submit\" >Go<\/button><\/div><\/form><\/div>\n<\/div>\n","protected":false},"excerpt":{"rendered":"<p>Mes livres \u00c0 lire \u00e9galement &#8211; Blogs Naginder Singh Sehmi est n\u00e9 au Kenya et passe maintenant sa retraite en Suisse, il reste n\u00e9anmoins en ses convictions un homme Indien et un Sikh qui \u00e0 pass\u00e9 une grande partie de sa vie \u00e0 franchir les croisements entre les cultures occidentales et orientales et les fronti\u00e8res&hellip;<\/p>\n","protected":false},"author":2,"featured_media":0,"parent":0,"menu_order":0,"comment_status":"closed","ping_status":"closed","template":"","meta":{"footnotes":""},"class_list":["post-8064","page","type-page","status-publish","hentry"],"_links":{"self":[{"href":"https:\/\/bigbangyoga.org\/fr\/wp-json\/wp\/v2\/pages\/8064","targetHints":{"allow":["GET"]}}],"collection":[{"href":"https:\/\/bigbangyoga.org\/fr\/wp-json\/wp\/v2\/pages"}],"about":[{"href":"https:\/\/bigbangyoga.org\/fr\/wp-json\/wp\/v2\/types\/page"}],"author":[{"embeddable":true,"href":"https:\/\/bigbangyoga.org\/fr\/wp-json\/wp\/v2\/users\/2"}],"replies":[{"embeddable":true,"href":"https:\/\/bigbangyoga.org\/fr\/wp-json\/wp\/v2\/comments?post=8064"}],"version-history":[{"count":7,"href":"https:\/\/bigbangyoga.org\/fr\/wp-json\/wp\/v2\/pages\/8064\/revisions"}],"predecessor-version":[{"id":8853,"href":"https:\/\/bigbangyoga.org\/fr\/wp-json\/wp\/v2\/pages\/8064\/revisions\/8853"}],"wp:attachment":[{"href":"https:\/\/bigbangyoga.org\/fr\/wp-json\/wp\/v2\/media?parent=8064"}],"curies":[{"name":"wp","href":"https:\/\/api.w.org\/{rel}","templated":true}]}}