{"id":8002,"date":"2022-10-31T15:22:02","date_gmt":"2022-10-31T14:22:02","guid":{"rendered":"https:\/\/bigbangyoga.org\/?page_id=8002"},"modified":"2023-06-28T10:31:47","modified_gmt":"2023-06-28T08:31:47","slug":"yogic-running-fr","status":"publish","type":"page","link":"https:\/\/bigbangyoga.org\/fr\/yogic-running-fr\/","title":{"rendered":"Yogic Running"},"content":{"rendered":"\n<div class=\"wp-block-group\"><div class=\"wp-block-group__inner-container is-layout-flow wp-block-group-is-layout-flow\">\n<div class=\"wp-block-columns is-layout-flex wp-container-core-columns-is-layout-9d6595d7 wp-block-columns-is-layout-flex\">\n<div class=\"wp-block-column is-layout-flow wp-block-column-is-layout-flow\" style=\"flex-basis:66.66%\">\n<div class=\"wp-block-columns is-layout-flex wp-container-core-columns-is-layout-9d6595d7 wp-block-columns-is-layout-flex\">\n<div class=\"wp-block-column is-layout-flow wp-block-column-is-layout-flow\">\n<figure class=\"wp-block-image size-full\"><img loading=\"lazy\" decoding=\"async\" width=\"1024\" height=\"576\" src=\"http:\/\/bigbangyoga.org\/wp-content\/uploads\/2019\/12\/Escalade30Nov19.jpg\" alt=\"\" class=\"wp-image-4733\" srcset=\"https:\/\/bigbangyoga.org\/wp-content\/uploads\/2019\/12\/Escalade30Nov19.jpg 1024w, https:\/\/bigbangyoga.org\/wp-content\/uploads\/2019\/12\/Escalade30Nov19-300x169.jpg 300w, https:\/\/bigbangyoga.org\/wp-content\/uploads\/2019\/12\/Escalade30Nov19-768x432.jpg 768w, https:\/\/bigbangyoga.org\/wp-content\/uploads\/2019\/12\/Escalade30Nov19-540x304.jpg 540w\" sizes=\"auto, (max-width: 1024px) 100vw, 1024px\" \/><\/figure>\n<\/div>\n<\/div>\n\n\n\t\t\t<style type=\"text\/css\">\n\t\t\t.display-post-types {opacity: 0;}\t\t\t<\/style>\n\t\t\t\t\t\t<div class=\"display-post-types\"><div id=\"dpt-wrapper-259\" class=\"dpt-wrapper dpt-grid1 centercrop land2 col-nr-3 multi-col dpt-cropped dpt-flex-wrap\" >\n\n\t\t\t\t\t\t\t<div class=\"dpt-entry has-thumbnail\">\n\t\t\t\t\t<div class=\"dpt-entry-wrapper\"><div class=\" dpt-featured-content\"><a href=\"https:\/\/bigbangyoga.org\/fr\/2017\/05\/07\/courir-est-une-saine-addiction\/\" class=\"dpt-permalink\"><span class=\"screen-reader-text\">Courir est une saine addiction!<\/span><\/a><div class=\"dpt-thumbnail landscape\"><img loading=\"lazy\" decoding=\"async\" width=\"2560\" height=\"1440\" src=\"https:\/\/bigbangyoga.org\/wp-content\/uploads\/2017\/05\/Geneva-Marathon_2_2017-scaled.jpg\" class=\"attachment-dpt-medium size-dpt-medium wp-post-image\" alt=\"\" srcset=\"https:\/\/bigbangyoga.org\/wp-content\/uploads\/2017\/05\/Geneva-Marathon_2_2017-scaled.jpg 2560w, https:\/\/bigbangyoga.org\/wp-content\/uploads\/2017\/05\/Geneva-Marathon_2_2017-300x169.jpg 300w, https:\/\/bigbangyoga.org\/wp-content\/uploads\/2017\/05\/Geneva-Marathon_2_2017-1024x576.jpg 1024w, https:\/\/bigbangyoga.org\/wp-content\/uploads\/2017\/05\/Geneva-Marathon_2_2017-768x432.jpg 768w, https:\/\/bigbangyoga.org\/wp-content\/uploads\/2017\/05\/Geneva-Marathon_2_2017-1536x864.jpg 1536w, https:\/\/bigbangyoga.org\/wp-content\/uploads\/2017\/05\/Geneva-Marathon_2_2017-2048x1152.jpg 2048w, https:\/\/bigbangyoga.org\/wp-content\/uploads\/2017\/05\/Geneva-Marathon_2_2017-1140x641.jpg 1140w, https:\/\/bigbangyoga.org\/wp-content\/uploads\/2017\/05\/Geneva-Marathon_2_2017-540x304.jpg 540w\" sizes=\"auto, (max-width: 2560px) 100vw, 2560px\" \/><\/div><\/div><div class=\" sub-entry\"><div class=\"dpt-meta dpt-meta1\"><div class=\"dpt-author\"><a href=\"https:\/\/bigbangyoga.org\/fr\/author\/nsehmi\/\"><span>Naginder Sehmi<\/span><\/a><\/div> &middot; <div class=\"dpt-date\"><time datetime=\"2017-05-07T19:00:47+02:00\">7 mai 2017<\/time><\/div><\/div><h3 class=\"dpt-title\"><a class=\"dpt-title-link\" href=\"https:\/\/bigbangyoga.org\/fr\/2017\/05\/07\/courir-est-une-saine-addiction\/\" rel=\"bookmark\">Courir est une saine addiction!<\/a><\/h3><div class=\"dpt-excerpt\">Courir est une saine addiction! Le Demi-Marathon de Gen\u00e8ve 2017 avait d\u00e9marr\u00e9 \u00e0 08.30, ce dimanche 7 mai, par un <p class=\"dpt-link-more\"><a class=\"dpt-more-link\" href=\"https:\/\/bigbangyoga.org\/fr\/2017\/05\/07\/courir-est-une-saine-addiction\/\">Lire plus <span class=\"screen-reader-text\">Courir est une saine addiction!<\/span><\/a><\/p><\/div><\/div><\/div>\n\t\t\t\t<\/div><!-- .dpt-entry -->\n\t\t\t\t\t\t\t\t<div class=\"dpt-entry has-thumbnail\">\n\t\t\t\t\t<div class=\"dpt-entry-wrapper\"><div class=\" dpt-featured-content\"><a href=\"https:\/\/bigbangyoga.org\/fr\/2015\/02\/02\/article-si-vous-ne\/\" class=\"dpt-permalink\"><span class=\"screen-reader-text\">Si vous ne vous en servez pas, vous risquez d&rsquo;en perdre l&rsquo;usage<\/span><\/a><div class=\"dpt-thumbnail portrait\"><img loading=\"lazy\" decoding=\"async\" width=\"204\" height=\"265\" src=\"https:\/\/bigbangyoga.org\/wp-content\/uploads\/2015\/02\/Use_running.jpg\" class=\"attachment-dpt-medium size-dpt-medium wp-post-image\" alt=\"\" \/><\/div><\/div><div class=\" sub-entry\"><div class=\"dpt-meta dpt-meta1\"><div class=\"dpt-author\"><a href=\"https:\/\/bigbangyoga.org\/fr\/author\/nsehmi\/\"><span>Naginder Sehmi<\/span><\/a><\/div> &middot; <div class=\"dpt-date\"><time datetime=\"2015-02-02T22:36:16+01:00\">2 f\u00e9vrier 2015<\/time><\/div><\/div><h3 class=\"dpt-title\"><a class=\"dpt-title-link\" href=\"https:\/\/bigbangyoga.org\/fr\/2015\/02\/02\/article-si-vous-ne\/\" rel=\"bookmark\">Si vous ne vous en servez pas, vous risquez d&rsquo;en perdre l&rsquo;usage<\/a><\/h3><div class=\"dpt-excerpt\">Amicale des Anciens de l\u2019OMM, Bulletin 5, Novembre 2006 Si vous ne vous en servez pas, vous risquez d&rsquo;en perdre <p class=\"dpt-link-more\"><a class=\"dpt-more-link\" href=\"https:\/\/bigbangyoga.org\/fr\/2015\/02\/02\/article-si-vous-ne\/\">Lire plus <span class=\"screen-reader-text\">Si vous ne vous en servez pas, vous risquez d&rsquo;en perdre l&rsquo;usage<\/span><\/a><\/p><\/div><\/div><\/div>\n\t\t\t\t<\/div><!-- .dpt-entry -->\n\t\t\t\t\t\t\t\t<div class=\"dpt-entry has-thumbnail\">\n\t\t\t\t\t<div class=\"dpt-entry-wrapper\"><div class=\" dpt-featured-content\"><a href=\"https:\/\/bigbangyoga.org\/fr\/2015\/01\/26\/le-chasseur-et-le-pourchasse\/\" class=\"dpt-permalink\"><span class=\"screen-reader-text\">Le chasseur et le pourchass\u00e9<\/span><\/a><div class=\"dpt-thumbnail portrait\"><img loading=\"lazy\" decoding=\"async\" width=\"144\" height=\"215\" src=\"https:\/\/bigbangyoga.org\/wp-content\/uploads\/2015\/01\/Chaser.jpg\" class=\"attachment-dpt-medium size-dpt-medium wp-post-image\" alt=\"\" \/><\/div><\/div><div class=\" sub-entry\"><div class=\"dpt-meta dpt-meta1\"><div class=\"dpt-author\"><a href=\"https:\/\/bigbangyoga.org\/fr\/author\/nsehmi\/\"><span>Naginder Sehmi<\/span><\/a><\/div> &middot; <div class=\"dpt-date\"><time datetime=\"2015-01-26T19:53:57+01:00\">26 janvier 2015<\/time><\/div><\/div><h3 class=\"dpt-title\"><a class=\"dpt-title-link\" href=\"https:\/\/bigbangyoga.org\/fr\/2015\/01\/26\/le-chasseur-et-le-pourchasse\/\" rel=\"bookmark\">Le chasseur et le pourchass\u00e9<\/a><\/h3><div class=\"dpt-excerpt\">Amicale des Anciens de l\u2019OMM, Bulletin 7, Novembre 2007 Le chasseur et le pourchass\u00e9 Par Naginder Sehmi En attendant la <p class=\"dpt-link-more\"><a class=\"dpt-more-link\" href=\"https:\/\/bigbangyoga.org\/fr\/2015\/01\/26\/le-chasseur-et-le-pourchasse\/\">Lire plus <span class=\"screen-reader-text\">Le chasseur et le pourchass\u00e9<\/span><\/a><\/p><\/div><\/div><\/div>\n\t\t\t\t<\/div><!-- .dpt-entry -->\n\t\t\t\t\n\t\t\t<\/div>\n\t\t\t<div class=\"dp-pagination\"><\/div>\t\t\t<\/div>\n\t\t\t<\/div>\n\n\n\n<div class=\"wp-block-column meet-the-author-column is-layout-flow wp-block-column-is-layout-flow\" style=\"flex-basis:33.33%\"><div class=\"wp-block-image\">\n<figure class=\"aligncenter size-full is-resized\"><img loading=\"lazy\" decoding=\"async\" src=\"http:\/\/bigbangyoga.org\/wp-content\/uploads\/2022\/10\/nphoto1-225x300-1.jpg\" alt=\"\" class=\"wp-image-7616\" width=\"145\" height=\"194\"\/><\/figure>\n<\/div>\n\n\n<p><\/p>\n\n\n\n<div class=\"wp-block-group\"><div class=\"wp-block-group__inner-container is-layout-flow wp-block-group-is-layout-flow\">\n<p class=\"meet-the-author-text has-small-font-size\"><a href=\"https:\/\/bigbangyoga.org\/2022\/02\/15\/meet-the-author-french\/\"><strong>Naginder Singh Sehmi<\/strong> <\/a>est n\u00e9 au Kenya et passe maintenant sa retraite en Suisse, il reste n\u00e9anmoins en ses convictions un homme Indien et un Sikh qui \u00e0 pass\u00e9 une grande partie de sa vie \u00e0 franchir les croisements entre les cultures occidentales et orientales et les fronti\u00e8res entre science et Spiritualit\u00e9<\/p>\n<\/div><\/div>\n\n\n<form role=\"search\" method=\"get\" action=\"https:\/\/bigbangyoga.org\/fr\/\" class=\"wp-block-search__button-outside wp-block-search__text-button meet-the-author-text wp-block-search\"    ><label class=\"wp-block-search__label\" for=\"wp-block-search__input-1\" >Recherche<\/label><div class=\"wp-block-search__inside-wrapper\" ><input class=\"wp-block-search__input\" id=\"wp-block-search__input-1\" placeholder=\"Sujet de recherche...\" value=\"\" type=\"search\" name=\"s\" required \/><button aria-label=\"Go\" class=\"wp-block-search__button wp-element-button\" type=\"submit\" >Go<\/button><\/div><\/form><\/div>\n<\/div>\n<\/div><\/div>\n","protected":false},"excerpt":{"rendered":"<p>Naginder Singh Sehmi est n\u00e9 au Kenya et passe maintenant sa retraite en Suisse, il reste n\u00e9anmoins en ses convictions un homme Indien et un Sikh qui \u00e0 pass\u00e9 une grande partie de sa vie \u00e0 franchir les croisements entre les cultures occidentales et orientales et les fronti\u00e8res entre science et Spiritualit\u00e9<\/p>\n","protected":false},"author":2,"featured_media":7293,"parent":0,"menu_order":0,"comment_status":"closed","ping_status":"closed","template":"","meta":{"footnotes":""},"class_list":["post-8002","page","type-page","status-publish","has-post-thumbnail","hentry"],"_links":{"self":[{"href":"https:\/\/bigbangyoga.org\/fr\/wp-json\/wp\/v2\/pages\/8002","targetHints":{"allow":["GET"]}}],"collection":[{"href":"https:\/\/bigbangyoga.org\/fr\/wp-json\/wp\/v2\/pages"}],"about":[{"href":"https:\/\/bigbangyoga.org\/fr\/wp-json\/wp\/v2\/types\/page"}],"author":[{"embeddable":true,"href":"https:\/\/bigbangyoga.org\/fr\/wp-json\/wp\/v2\/users\/2"}],"replies":[{"embeddable":true,"href":"https:\/\/bigbangyoga.org\/fr\/wp-json\/wp\/v2\/comments?post=8002"}],"version-history":[{"count":5,"href":"https:\/\/bigbangyoga.org\/fr\/wp-json\/wp\/v2\/pages\/8002\/revisions"}],"predecessor-version":[{"id":8930,"href":"https:\/\/bigbangyoga.org\/fr\/wp-json\/wp\/v2\/pages\/8002\/revisions\/8930"}],"wp:featuredmedia":[{"embeddable":true,"href":"https:\/\/bigbangyoga.org\/fr\/wp-json\/wp\/v2\/media\/7293"}],"wp:attachment":[{"href":"https:\/\/bigbangyoga.org\/fr\/wp-json\/wp\/v2\/media?parent=8002"}],"curies":[{"name":"wp","href":"https:\/\/api.w.org\/{rel}","templated":true}]}}