{"id":7997,"date":"2022-10-31T15:16:43","date_gmt":"2022-10-31T14:16:43","guid":{"rendered":"https:\/\/bigbangyoga.org\/?page_id=7997"},"modified":"2022-11-17T17:17:26","modified_gmt":"2022-11-17T16:17:26","slug":"travels-fr","status":"publish","type":"page","link":"https:\/\/bigbangyoga.org\/fr\/travels-fr\/","title":{"rendered":"Voyages"},"content":{"rendered":"\n<div class=\"wp-block-group\"><div class=\"wp-block-group__inner-container is-layout-flow wp-block-group-is-layout-flow\">\n<div class=\"wp-block-columns is-layout-flex wp-container-core-columns-is-layout-9d6595d7 wp-block-columns-is-layout-flex\">\n<div class=\"wp-block-column is-layout-flow wp-block-column-is-layout-flow\" style=\"flex-basis:66.66%\">\n<div class=\"wp-block-columns is-layout-flex wp-container-core-columns-is-layout-9d6595d7 wp-block-columns-is-layout-flex\">\n<div class=\"wp-block-column is-layout-flow wp-block-column-is-layout-flow\"><\/div>\n<\/div>\n\n\n\t\t\t<style type=\"text\/css\">\n\t\t\t.display-post-types {opacity: 0;}\t\t\t<\/style>\n\t\t\t\t\t\t<div class=\"display-post-types\"><div id=\"dpt-wrapper-395\" class=\"dpt-wrapper dpt-grid1 centercrop land2 col-nr-3 multi-col dpt-cropped dpt-flex-wrap\" >\n\n\t\t\t\t\t\t\t<div class=\"dpt-entry has-thumbnail\">\n\t\t\t\t\t<div class=\"dpt-entry-wrapper\"><div class=\" dpt-featured-content\"><a href=\"https:\/\/bigbangyoga.org\/fr\/2019\/08\/31\/retour-a-dublin-18-avril-2018\/\" class=\"dpt-permalink\"><span class=\"screen-reader-text\">Retour \u00e0 Dublin &#8211; 18 avril 2018<\/span><\/a><div class=\"dpt-thumbnail landscape\"><img loading=\"lazy\" decoding=\"async\" width=\"1600\" height=\"900\" src=\"https:\/\/bigbangyoga.org\/wp-content\/uploads\/2018\/11\/Noodle.jpg\" class=\"attachment-dpt-medium size-dpt-medium wp-post-image\" alt=\"\" srcset=\"https:\/\/bigbangyoga.org\/wp-content\/uploads\/2018\/11\/Noodle.jpg 1600w, https:\/\/bigbangyoga.org\/wp-content\/uploads\/2018\/11\/Noodle-300x169.jpg 300w, https:\/\/bigbangyoga.org\/wp-content\/uploads\/2018\/11\/Noodle-1024x576.jpg 1024w, https:\/\/bigbangyoga.org\/wp-content\/uploads\/2018\/11\/Noodle-768x432.jpg 768w, https:\/\/bigbangyoga.org\/wp-content\/uploads\/2018\/11\/Noodle-1536x864.jpg 1536w, https:\/\/bigbangyoga.org\/wp-content\/uploads\/2018\/11\/Noodle-1140x641.jpg 1140w, https:\/\/bigbangyoga.org\/wp-content\/uploads\/2018\/11\/Noodle-540x304.jpg 540w\" sizes=\"auto, (max-width: 1600px) 100vw, 1600px\" \/><\/div><\/div><div class=\" sub-entry\"><div class=\"dpt-meta dpt-meta1\"><div class=\"dpt-author\"><a href=\"https:\/\/bigbangyoga.org\/fr\/author\/nsehmi\/\"><span>Naginder Sehmi<\/span><\/a><\/div> &middot; <div class=\"dpt-date\"><time datetime=\"2019-08-31T18:23:37+02:00\">31 ao\u00fbt 2019<\/time><\/div><\/div><h3 class=\"dpt-title\"><a class=\"dpt-title-link\" href=\"https:\/\/bigbangyoga.org\/fr\/2019\/08\/31\/retour-a-dublin-18-avril-2018\/\" rel=\"bookmark\">Retour \u00e0 Dublin &#8211; 18 avril 2018<\/a><\/h3><div class=\"dpt-excerpt\">(OMM Bulletin de l\u2019Amicale No. 29 \u2013 D\u00e9cembre 2018) Retour \u00e0 Dublin, la jolie ville -18 avril 2018 By Naginder <p class=\"dpt-link-more\"><a class=\"dpt-more-link\" href=\"https:\/\/bigbangyoga.org\/fr\/2019\/08\/31\/retour-a-dublin-18-avril-2018\/\">Lire plus <span class=\"screen-reader-text\">Retour \u00e0 Dublin &#8211; 18 avril 2018<\/span><\/a><\/p><\/div><\/div><\/div>\n\t\t\t\t<\/div><!-- .dpt-entry -->\n\t\t\t\t\t\t\t\t<div class=\"dpt-entry has-thumbnail\">\n\t\t\t\t\t<div class=\"dpt-entry-wrapper\"><div class=\" dpt-featured-content\"><a href=\"https:\/\/bigbangyoga.org\/fr\/2018\/08\/22\/la-fete-du-ble-et-du-pain-2018\/\" class=\"dpt-permalink\"><span class=\"screen-reader-text\">La F\u00eate du Bl\u00e9 et du Pain 2018<\/span><\/a><div class=\"dpt-thumbnail landscape\"><img loading=\"lazy\" decoding=\"async\" width=\"1329\" height=\"886\" src=\"https:\/\/bigbangyoga.org\/wp-content\/uploads\/2018\/08\/Marionette.jpg\" class=\"attachment-dpt-medium size-dpt-medium wp-post-image\" alt=\"\" srcset=\"https:\/\/bigbangyoga.org\/wp-content\/uploads\/2018\/08\/Marionette.jpg 1329w, https:\/\/bigbangyoga.org\/wp-content\/uploads\/2018\/08\/Marionette-300x200.jpg 300w, https:\/\/bigbangyoga.org\/wp-content\/uploads\/2018\/08\/Marionette-1024x683.jpg 1024w, https:\/\/bigbangyoga.org\/wp-content\/uploads\/2018\/08\/Marionette-768x512.jpg 768w\" sizes=\"auto, (max-width: 1329px) 100vw, 1329px\" \/><\/div><\/div><div class=\" sub-entry\"><div class=\"dpt-meta dpt-meta1\"><div class=\"dpt-author\"><a href=\"https:\/\/bigbangyoga.org\/fr\/author\/nsehmi\/\"><span>Naginder Sehmi<\/span><\/a><\/div> &middot; <div class=\"dpt-date\"><time datetime=\"2018-08-22T13:12:47+02:00\">22 ao\u00fbt 2018<\/time><\/div><\/div><h3 class=\"dpt-title\"><a class=\"dpt-title-link\" href=\"https:\/\/bigbangyoga.org\/fr\/2018\/08\/22\/la-fete-du-ble-et-du-pain-2018\/\" rel=\"bookmark\">La F\u00eate du Bl\u00e9 et du Pain 2018<\/a><\/h3><div class=\"dpt-excerpt\">OMM Bulletin de l\u2019Amicale No. 29 \u2013 D\u00e9cembre 2018 For English go to : http:\/\/bigbangyoga.org\/wheat-and-bread-festival-fete-de-ble-et-du-pain\/ &nbsp; La F\u00eate du Bl\u00e9 <p class=\"dpt-link-more\"><a class=\"dpt-more-link\" href=\"https:\/\/bigbangyoga.org\/fr\/2018\/08\/22\/la-fete-du-ble-et-du-pain-2018\/\">Lire plus <span class=\"screen-reader-text\">La F\u00eate du Bl\u00e9 et du Pain 2018<\/span><\/a><\/p><\/div><\/div><\/div>\n\t\t\t\t<\/div><!-- .dpt-entry -->\n\t\t\t\t\t\t\t\t<div class=\"dpt-entry has-thumbnail\">\n\t\t\t\t\t<div class=\"dpt-entry-wrapper\"><div class=\" dpt-featured-content\"><a href=\"https:\/\/bigbangyoga.org\/fr\/2018\/02\/12\/la-revanche-du-dieu-agni\/\" class=\"dpt-permalink\"><span class=\"screen-reader-text\">La revanche du Dieu Agni\u00a0<\/span><\/a><div class=\"dpt-thumbnail landscape\"><img loading=\"lazy\" decoding=\"async\" width=\"300\" height=\"225\" src=\"https:\/\/bigbangyoga.org\/wp-content\/uploads\/2018\/02\/Lanka_1.jpg\" class=\"attachment-dpt-medium size-dpt-medium wp-post-image\" alt=\"\" srcset=\"https:\/\/bigbangyoga.org\/wp-content\/uploads\/2018\/02\/Lanka_1.jpg 300w, https:\/\/bigbangyoga.org\/wp-content\/uploads\/2018\/02\/Lanka_1-120x90.jpg 120w\" sizes=\"auto, (max-width: 300px) 100vw, 300px\" \/><\/div><\/div><div class=\" sub-entry\"><div class=\"dpt-meta dpt-meta1\"><div class=\"dpt-author\"><a href=\"https:\/\/bigbangyoga.org\/fr\/author\/nsehmi\/\"><span>Naginder Sehmi<\/span><\/a><\/div> &middot; <div class=\"dpt-date\"><time datetime=\"2018-02-12T15:23:33+01:00\">12 f\u00e9vrier 2018<\/time><\/div><\/div><h3 class=\"dpt-title\"><a class=\"dpt-title-link\" href=\"https:\/\/bigbangyoga.org\/fr\/2018\/02\/12\/la-revanche-du-dieu-agni\/\" rel=\"bookmark\">La revanche du Dieu Agni\u00a0<\/a><\/h3><div class=\"dpt-excerpt\">La revanche du Dieu Agni&nbsp; 4 juin 2017: Agni, Dieu du Feu, fait monter la chaleur avec une fougue vengeresse.&nbsp; <p class=\"dpt-link-more\"><a class=\"dpt-more-link\" href=\"https:\/\/bigbangyoga.org\/fr\/2018\/02\/12\/la-revanche-du-dieu-agni\/\">Lire plus <span class=\"screen-reader-text\">La revanche du Dieu Agni\u00a0<\/span><\/a><\/p><\/div><\/div><\/div>\n\t\t\t\t<\/div><!-- .dpt-entry -->\n\t\t\t\t\t\t\t\t<div class=\"dpt-entry has-thumbnail\">\n\t\t\t\t\t<div class=\"dpt-entry-wrapper\"><div class=\" dpt-featured-content\"><a href=\"https:\/\/bigbangyoga.org\/fr\/2017\/02\/09\/la-magie-de-stonehenge\/\" class=\"dpt-permalink\"><span class=\"screen-reader-text\">LA MAGIE DE STONEHENGE<\/span><\/a><div class=\"dpt-thumbnail landscape\"><img loading=\"lazy\" decoding=\"async\" width=\"2560\" height=\"1920\" src=\"https:\/\/bigbangyoga.org\/wp-content\/uploads\/2016\/10\/Stonehenge-2016-15-scaled.jpg\" class=\"attachment-dpt-medium size-dpt-medium wp-post-image\" alt=\"\" srcset=\"https:\/\/bigbangyoga.org\/wp-content\/uploads\/2016\/10\/Stonehenge-2016-15-scaled.jpg 2560w, https:\/\/bigbangyoga.org\/wp-content\/uploads\/2016\/10\/Stonehenge-2016-15-300x225.jpg 300w, https:\/\/bigbangyoga.org\/wp-content\/uploads\/2016\/10\/Stonehenge-2016-15-1024x768.jpg 1024w, https:\/\/bigbangyoga.org\/wp-content\/uploads\/2016\/10\/Stonehenge-2016-15-768x576.jpg 768w, https:\/\/bigbangyoga.org\/wp-content\/uploads\/2016\/10\/Stonehenge-2016-15-1536x1152.jpg 1536w, https:\/\/bigbangyoga.org\/wp-content\/uploads\/2016\/10\/Stonehenge-2016-15-2048x1536.jpg 2048w, https:\/\/bigbangyoga.org\/wp-content\/uploads\/2016\/10\/Stonehenge-2016-15-120x90.jpg 120w\" sizes=\"auto, (max-width: 2560px) 100vw, 2560px\" \/><\/div><\/div><div class=\" sub-entry\"><div class=\"dpt-meta dpt-meta1\"><div class=\"dpt-author\"><a href=\"https:\/\/bigbangyoga.org\/fr\/author\/nsehmi\/\"><span>Naginder Sehmi<\/span><\/a><\/div> &middot; <div class=\"dpt-date\"><time datetime=\"2017-02-09T13:36:34+01:00\">9 f\u00e9vrier 2017<\/time><\/div><\/div><h3 class=\"dpt-title\"><a class=\"dpt-title-link\" href=\"https:\/\/bigbangyoga.org\/fr\/2017\/02\/09\/la-magie-de-stonehenge\/\" rel=\"bookmark\">LA MAGIE DE STONEHENGE<\/a><\/h3><div class=\"dpt-excerpt\">Un\u00a0retour\u00a0\u00e0\u00a0l\u2019\u00e2ge\u00a0de\u00a0pierre : La\u00a0magie\u00a0de\u00a0Stonehenge \u00a0\u00a0 (From WMO Amicale Bulletin, December 2016) Le\u00a0 site\u00a0 de\u00a0 Stonehenge\u00a0 m\u2019avait\u00a0 fascin\u00e9,\u00a0 la premi\u00e8re\u00a0fois\u00a0qu\u2019on\u00a0m\u2019en\u00a0avait\u00a0parl\u00e9\u00a0\u00e0\u00a0l\u2019\u00e9cole,\u00a0il\u00a0y\u00a0 a\u00a0de\u00a0\u00e7a\u00a0plus\u00a0d\u2019un\u00a0demi\u00adsi\u00e8cle.\u00a0\u00a0J\u2019avais\u00a0\u00e9t\u00e9\u00a0dans\u00a0les\u00a0 parages\u00a0 <p class=\"dpt-link-more\"><a class=\"dpt-more-link\" href=\"https:\/\/bigbangyoga.org\/fr\/2017\/02\/09\/la-magie-de-stonehenge\/\">Lire plus <span class=\"screen-reader-text\">LA MAGIE DE STONEHENGE<\/span><\/a><\/p><\/div><\/div><\/div>\n\t\t\t\t<\/div><!-- .dpt-entry -->\n\t\t\t\t\t\t\t\t<div class=\"dpt-entry has-thumbnail\">\n\t\t\t\t\t<div class=\"dpt-entry-wrapper\"><div class=\" dpt-featured-content\"><a href=\"https:\/\/bigbangyoga.org\/fr\/2016\/04\/24\/le-tour-cycliste-des-11-cites-aux-pays-bas\/\" class=\"dpt-permalink\"><span class=\"screen-reader-text\">Le tour cycliste des 11 cit\u00e9s, aux Pays-Bas<\/span><\/a><div class=\"dpt-thumbnail portrait\"><img loading=\"lazy\" decoding=\"async\" width=\"450\" height=\"583\" src=\"https:\/\/bigbangyoga.org\/wp-content\/uploads\/2015\/07\/Holland7-e1438594402706.png\" class=\"attachment-dpt-medium size-dpt-medium wp-post-image\" alt=\"\" srcset=\"https:\/\/bigbangyoga.org\/wp-content\/uploads\/2015\/07\/Holland7-e1438594402706.png 450w, https:\/\/bigbangyoga.org\/wp-content\/uploads\/2015\/07\/Holland7-e1438594402706-232x300.png 232w\" sizes=\"auto, (max-width: 450px) 100vw, 450px\" \/><\/div><\/div><div class=\" sub-entry\"><div class=\"dpt-meta dpt-meta1\"><div class=\"dpt-author\"><a href=\"https:\/\/bigbangyoga.org\/fr\/author\/nsehmi\/\"><span>Naginder Sehmi<\/span><\/a><\/div> &middot; <div class=\"dpt-date\"><time datetime=\"2016-04-24T17:05:25+02:00\">24 avril 2016<\/time><\/div><\/div><h3 class=\"dpt-title\"><a class=\"dpt-title-link\" href=\"https:\/\/bigbangyoga.org\/fr\/2016\/04\/24\/le-tour-cycliste-des-11-cites-aux-pays-bas\/\" rel=\"bookmark\">Le tour cycliste des 11 cit\u00e9s, aux Pays-Bas<\/a><\/h3><div class=\"dpt-excerpt\">A La rencontre de personnes de tous \u00e2ges et comment j&rsquo;ai failli me faire tirer une balle dans la t\u00eate. <p class=\"dpt-link-more\"><a class=\"dpt-more-link\" href=\"https:\/\/bigbangyoga.org\/fr\/2016\/04\/24\/le-tour-cycliste-des-11-cites-aux-pays-bas\/\">Lire plus <span class=\"screen-reader-text\">Le tour cycliste des 11 cit\u00e9s, aux Pays-Bas<\/span><\/a><\/p><\/div><\/div><\/div>\n\t\t\t\t<\/div><!-- .dpt-entry -->\n\t\t\t\t\t\t\t\t<div class=\"dpt-entry has-thumbnail\">\n\t\t\t\t\t<div class=\"dpt-entry-wrapper\"><div class=\" dpt-featured-content\"><a href=\"https:\/\/bigbangyoga.org\/fr\/2015\/02\/02\/travel-danube-a-velo\/\" class=\"dpt-permalink\"><span class=\"screen-reader-text\">Danube en velo<\/span><\/a><div class=\"dpt-thumbnail landscape\"><img loading=\"lazy\" decoding=\"async\" width=\"390\" height=\"292\" src=\"https:\/\/bigbangyoga.org\/wp-content\/uploads\/2015\/02\/3_Danube.gif\" class=\"attachment-dpt-medium size-dpt-medium wp-post-image\" alt=\"\" \/><\/div><\/div><div class=\" sub-entry\"><div class=\"dpt-meta dpt-meta1\"><div class=\"dpt-author\"><a href=\"https:\/\/bigbangyoga.org\/fr\/author\/nsehmi\/\"><span>Naginder Sehmi<\/span><\/a><\/div> &middot; <div class=\"dpt-date\"><time datetime=\"2015-02-02T19:21:42+01:00\">2 f\u00e9vrier 2015<\/time><\/div><\/div><h3 class=\"dpt-title\"><a class=\"dpt-title-link\" href=\"https:\/\/bigbangyoga.org\/fr\/2015\/02\/02\/travel-danube-a-velo\/\" rel=\"bookmark\">Danube en velo<\/a><\/h3><div class=\"dpt-excerpt\">Amicale des Anciens de l\u2019OMM, Bulletin 17, Novembre 2012. En v\u00e9lo le long du Danube, de Passau \u00e0 Vienne Naginder <p class=\"dpt-link-more\"><a class=\"dpt-more-link\" href=\"https:\/\/bigbangyoga.org\/fr\/2015\/02\/02\/travel-danube-a-velo\/\">Lire plus <span class=\"screen-reader-text\">Danube en velo<\/span><\/a><\/p><\/div><\/div><\/div>\n\t\t\t\t<\/div><!-- .dpt-entry -->\n\t\t\t\t\n\t\t\t<\/div>\n\t\t\t<div class=\"dp-pagination\"><span aria-current=\"page\" class=\"page-numbers current\">1<\/span>\n<a class=\"page-numbers\" href=\"https:\/\/bigbangyoga.org\/fr\/wp-json\/wp\/v2\/pages\/7997\/?paged1=2\">2<\/a>\n<a class=\"next page-numbers\" href=\"https:\/\/bigbangyoga.org\/fr\/wp-json\/wp\/v2\/pages\/7997\/?paged1=2\">Suivant\u00a0\u00bb<\/a><\/div>\t\t\t<\/div>\n\t\t\t<\/div>\n\n\n\n<div class=\"wp-block-column meet-the-author-column is-layout-flow wp-block-column-is-layout-flow\" style=\"flex-basis:33.33%\"><div class=\"wp-block-image\">\n<figure class=\"aligncenter size-full is-resized\"><img loading=\"lazy\" decoding=\"async\" src=\"http:\/\/bigbangyoga.org\/wp-content\/uploads\/2022\/10\/nphoto1-225x300-1.jpg\" alt=\"\" class=\"wp-image-7616\" width=\"145\" height=\"194\"\/><\/figure>\n<\/div>\n\n\n<p><\/p>\n\n\n\n<div class=\"wp-block-group\"><div class=\"wp-block-group__inner-container is-layout-flow wp-block-group-is-layout-flow\">\n<p class=\"meet-the-author-text has-small-font-size\"><a href=\"https:\/\/bigbangyoga.org\/2022\/02\/15\/meet-the-author-french\/\"><strong>Naginder Singh Sehmi<\/strong> <\/a>est n\u00e9 au Kenya et passe maintenant sa retraite en Suisse, il reste n\u00e9anmoins en ses convictions un homme Indien et un Sikh qui \u00e0 pass\u00e9 une grande partie de sa vie \u00e0 franchir les croisements entre les cultures occidentales et orientales et les fronti\u00e8res entre science et Spiritualit\u00e9<\/p>\n<\/div><\/div>\n\n\n<form role=\"search\" method=\"get\" action=\"https:\/\/bigbangyoga.org\/fr\/\" class=\"wp-block-search__button-outside wp-block-search__text-button meet-the-author-text wp-block-search\"    ><label class=\"wp-block-search__label\" for=\"wp-block-search__input-1\" >Recherche<\/label><div class=\"wp-block-search__inside-wrapper\" ><input class=\"wp-block-search__input\" id=\"wp-block-search__input-1\" placeholder=\"Sujet de recherche...\" value=\"\" type=\"search\" name=\"s\" required \/><button aria-label=\"Go\" class=\"wp-block-search__button wp-element-button\" type=\"submit\" >Go<\/button><\/div><\/form><\/div>\n<\/div>\n<\/div><\/div>\n","protected":false},"excerpt":{"rendered":"<p>Naginder Singh Sehmi est n\u00e9 au Kenya et passe maintenant sa retraite en Suisse, il reste n\u00e9anmoins en ses convictions un homme Indien et un Sikh qui \u00e0 pass\u00e9 une grande partie de sa vie \u00e0 franchir les croisements entre les cultures occidentales et orientales et les fronti\u00e8res entre science et Spiritualit\u00e9<\/p>\n","protected":false},"author":2,"featured_media":7294,"parent":0,"menu_order":0,"comment_status":"closed","ping_status":"closed","template":"","meta":{"footnotes":""},"class_list":["post-7997","page","type-page","status-publish","has-post-thumbnail","hentry"],"_links":{"self":[{"href":"https:\/\/bigbangyoga.org\/fr\/wp-json\/wp\/v2\/pages\/7997","targetHints":{"allow":["GET"]}}],"collection":[{"href":"https:\/\/bigbangyoga.org\/fr\/wp-json\/wp\/v2\/pages"}],"about":[{"href":"https:\/\/bigbangyoga.org\/fr\/wp-json\/wp\/v2\/types\/page"}],"author":[{"embeddable":true,"href":"https:\/\/bigbangyoga.org\/fr\/wp-json\/wp\/v2\/users\/2"}],"replies":[{"embeddable":true,"href":"https:\/\/bigbangyoga.org\/fr\/wp-json\/wp\/v2\/comments?post=7997"}],"version-history":[{"count":7,"href":"https:\/\/bigbangyoga.org\/fr\/wp-json\/wp\/v2\/pages\/7997\/revisions"}],"predecessor-version":[{"id":8732,"href":"https:\/\/bigbangyoga.org\/fr\/wp-json\/wp\/v2\/pages\/7997\/revisions\/8732"}],"wp:featuredmedia":[{"embeddable":true,"href":"https:\/\/bigbangyoga.org\/fr\/wp-json\/wp\/v2\/media\/7294"}],"wp:attachment":[{"href":"https:\/\/bigbangyoga.org\/fr\/wp-json\/wp\/v2\/media?parent=7997"}],"curies":[{"name":"wp","href":"https:\/\/api.w.org\/{rel}","templated":true}]}}