{"id":7988,"date":"2022-10-31T14:11:59","date_gmt":"2022-10-31T13:11:59","guid":{"rendered":"https:\/\/bigbangyoga.org\/?page_id=7988"},"modified":"2022-11-17T17:16:50","modified_gmt":"2022-11-17T16:16:50","slug":"man-vs-nature-fr","status":"publish","type":"page","link":"https:\/\/bigbangyoga.org\/fr\/man-vs-nature-fr\/","title":{"rendered":"Man vs nature"},"content":{"rendered":"\n<div class=\"wp-block-group\"><div class=\"wp-block-group__inner-container is-layout-flow wp-block-group-is-layout-flow\">\n<div class=\"wp-block-columns is-layout-flex wp-container-core-columns-is-layout-9d6595d7 wp-block-columns-is-layout-flex\">\n<div class=\"wp-block-column is-layout-flow wp-block-column-is-layout-flow\" style=\"flex-basis:66.66%\">\n<div class=\"wp-block-columns is-layout-flex wp-container-core-columns-is-layout-9d6595d7 wp-block-columns-is-layout-flex\">\n<div class=\"wp-block-column is-layout-flow wp-block-column-is-layout-flow\"><\/div>\n<\/div>\n\n\n\t\t\t<style type=\"text\/css\">\n\t\t\t.display-post-types {opacity: 0;}\t\t\t<\/style>\n\t\t\t\t\t\t<div class=\"display-post-types\"><div id=\"dpt-wrapper-830\" class=\"dpt-wrapper dpt-grid1 centercrop land2 col-nr-3 multi-col dpt-cropped dpt-flex-wrap\" >\n\n\t\t\t\t\t\t\t<div class=\"dpt-entry has-thumbnail\">\n\t\t\t\t\t<div class=\"dpt-entry-wrapper\"><div class=\" dpt-featured-content\"><a href=\"https:\/\/bigbangyoga.org\/fr\/2018\/08\/22\/la-fete-du-ble-et-du-pain-2018\/\" class=\"dpt-permalink\"><span class=\"screen-reader-text\">La F\u00eate du Bl\u00e9 et du Pain 2018<\/span><\/a><div class=\"dpt-thumbnail landscape\"><img loading=\"lazy\" decoding=\"async\" width=\"1329\" height=\"886\" src=\"https:\/\/bigbangyoga.org\/wp-content\/uploads\/2018\/08\/Marionette.jpg\" class=\"attachment-dpt-medium size-dpt-medium wp-post-image\" alt=\"\" srcset=\"https:\/\/bigbangyoga.org\/wp-content\/uploads\/2018\/08\/Marionette.jpg 1329w, https:\/\/bigbangyoga.org\/wp-content\/uploads\/2018\/08\/Marionette-300x200.jpg 300w, https:\/\/bigbangyoga.org\/wp-content\/uploads\/2018\/08\/Marionette-1024x683.jpg 1024w, https:\/\/bigbangyoga.org\/wp-content\/uploads\/2018\/08\/Marionette-768x512.jpg 768w\" sizes=\"auto, (max-width: 1329px) 100vw, 1329px\" \/><\/div><\/div><div class=\" sub-entry\"><div class=\"dpt-meta dpt-meta1\"><div class=\"dpt-author\"><a href=\"https:\/\/bigbangyoga.org\/fr\/author\/nsehmi\/\"><span>Naginder Sehmi<\/span><\/a><\/div> &middot; <div class=\"dpt-date\"><time datetime=\"2018-08-22T13:12:47+02:00\">22 ao\u00fbt 2018<\/time><\/div><\/div><h3 class=\"dpt-title\"><a class=\"dpt-title-link\" href=\"https:\/\/bigbangyoga.org\/fr\/2018\/08\/22\/la-fete-du-ble-et-du-pain-2018\/\" rel=\"bookmark\">La F\u00eate du Bl\u00e9 et du Pain 2018<\/a><\/h3><div class=\"dpt-excerpt\">OMM Bulletin de l\u2019Amicale No. 29 \u2013 D\u00e9cembre 2018 For English go to : http:\/\/bigbangyoga.org\/wheat-and-bread-festival-fete-de-ble-et-du-pain\/ &nbsp; La F\u00eate du Bl\u00e9 <p class=\"dpt-link-more\"><a class=\"dpt-more-link\" href=\"https:\/\/bigbangyoga.org\/fr\/2018\/08\/22\/la-fete-du-ble-et-du-pain-2018\/\">Lire plus <span class=\"screen-reader-text\">La F\u00eate du Bl\u00e9 et du Pain 2018<\/span><\/a><\/p><\/div><\/div><\/div>\n\t\t\t\t<\/div><!-- .dpt-entry -->\n\t\t\t\t\t\t\t\t<div class=\"dpt-entry has-thumbnail\">\n\t\t\t\t\t<div class=\"dpt-entry-wrapper\"><div class=\" dpt-featured-content\"><a href=\"https:\/\/bigbangyoga.org\/fr\/2015\/08\/25\/suprematie-de-la-nature-sur-les-religions-et-les-dieux-2\/\" class=\"dpt-permalink\"><span class=\"screen-reader-text\">Supr\u00e9matie de la Nature sur les religions et les dieux<\/span><\/a><div class=\"dpt-thumbnail landscape\"><img loading=\"lazy\" decoding=\"async\" width=\"320\" height=\"265\" src=\"https:\/\/bigbangyoga.org\/wp-content\/uploads\/2015\/08\/Presentation1-e1440511274164.png\" class=\"attachment-dpt-medium size-dpt-medium wp-post-image\" alt=\"\" srcset=\"https:\/\/bigbangyoga.org\/wp-content\/uploads\/2015\/08\/Presentation1-e1440511274164.png 320w, https:\/\/bigbangyoga.org\/wp-content\/uploads\/2015\/08\/Presentation1-e1440511274164-300x248.png 300w\" sizes=\"auto, (max-width: 320px) 100vw, 320px\" \/><\/div><\/div><div class=\" sub-entry\"><div class=\"dpt-meta dpt-meta1\"><div class=\"dpt-author\"><a href=\"https:\/\/bigbangyoga.org\/fr\/author\/nsehmi\/\"><span>Naginder Sehmi<\/span><\/a><\/div> &middot; <div class=\"dpt-date\"><time datetime=\"2015-08-25T17:12:12+02:00\">25 ao\u00fbt 2015<\/time><\/div><\/div><h3 class=\"dpt-title\"><a class=\"dpt-title-link\" href=\"https:\/\/bigbangyoga.org\/fr\/2015\/08\/25\/suprematie-de-la-nature-sur-les-religions-et-les-dieux-2\/\" rel=\"bookmark\">Supr\u00e9matie de la Nature sur les religions et les dieux<\/a><\/h3><div class=\"dpt-excerpt\">Man devised religions to conquer nature \u2013 6 \u00a0(FRENCH) . For ENGLISH see:\u00a0http:\/\/bigbangyoga.org\/natures-supremacy-over-religions-and-gods\/ Amicale des Anciens de l\u2019OMM, Bulletin 23, <p class=\"dpt-link-more\"><a class=\"dpt-more-link\" href=\"https:\/\/bigbangyoga.org\/fr\/2015\/08\/25\/suprematie-de-la-nature-sur-les-religions-et-les-dieux-2\/\">Lire plus <span class=\"screen-reader-text\">Supr\u00e9matie de la Nature sur les religions et les dieux<\/span><\/a><\/p><\/div><\/div><\/div>\n\t\t\t\t<\/div><!-- .dpt-entry -->\n\t\t\t\t\t\t\t\t<div class=\"dpt-entry has-thumbnail\">\n\t\t\t\t\t<div class=\"dpt-entry-wrapper\"><div class=\" dpt-featured-content\"><a href=\"https:\/\/bigbangyoga.org\/fr\/2015\/03\/17\/granthophilia\/\" class=\"dpt-permalink\"><span class=\"screen-reader-text\">Granthophilia<\/span><\/a><div class=\"dpt-thumbnail landscape\"><img loading=\"lazy\" decoding=\"async\" width=\"1000\" height=\"288\" src=\"https:\/\/bigbangyoga.org\/wp-content\/uploads\/2015\/04\/cropped-Presentation1-e1429777577477.png\" class=\"attachment-dpt-medium size-dpt-medium wp-post-image\" alt=\"\" srcset=\"https:\/\/bigbangyoga.org\/wp-content\/uploads\/2015\/04\/cropped-Presentation1-e1429777577477.png 1000w, https:\/\/bigbangyoga.org\/wp-content\/uploads\/2015\/04\/cropped-Presentation1-e1429777577477-300x86.png 300w, https:\/\/bigbangyoga.org\/wp-content\/uploads\/2015\/04\/cropped-Presentation1-e1429777577477-768x221.png 768w\" sizes=\"auto, (max-width: 1000px) 100vw, 1000px\" \/><\/div><\/div><div class=\" sub-entry\"><div class=\"dpt-meta dpt-meta1\"><div class=\"dpt-author\"><a href=\"https:\/\/bigbangyoga.org\/fr\/author\/nsehmi\/\"><span>Naginder Sehmi<\/span><\/a><\/div> &middot; <div class=\"dpt-date\"><time datetime=\"2015-03-17T22:36:07+01:00\">17 mars 2015<\/time><\/div><\/div><h3 class=\"dpt-title\"><a class=\"dpt-title-link\" href=\"https:\/\/bigbangyoga.org\/fr\/2015\/03\/17\/granthophilia\/\" rel=\"bookmark\">Granthophilia<\/a><\/h3><div class=\"dpt-excerpt\">Qu-est ce que la Granthophilia? L&rsquo;id\u00e9e de Granthophilia est aussi vieille que la Bible Chr\u00e9tienne. Beaucoup des Chr\u00e9tiens continuent d\u2019\u00eatre <p class=\"dpt-link-more\"><a class=\"dpt-more-link\" href=\"https:\/\/bigbangyoga.org\/fr\/2015\/03\/17\/granthophilia\/\">Lire plus <span class=\"screen-reader-text\">Granthophilia<\/span><\/a><\/p><\/div><\/div><\/div>\n\t\t\t\t<\/div><!-- .dpt-entry -->\n\t\t\t\t\t\t\t\t<div class=\"dpt-entry no-thumbnail\">\n\t\t\t\t\t<div class=\"dpt-entry-wrapper\"><div class=\" dpt-featured-content\"><a href=\"https:\/\/bigbangyoga.org\/fr\/2015\/03\/04\/poor-god-pauvre-dieu\/\" class=\"dpt-permalink\"><span class=\"screen-reader-text\">Pauvre Dieu!<\/span><\/a><\/div><div class=\" sub-entry\"><div class=\"dpt-meta dpt-meta1\"><div class=\"dpt-author\"><a href=\"https:\/\/bigbangyoga.org\/fr\/author\/nsehmi\/\"><span>Naginder Sehmi<\/span><\/a><\/div> &middot; <div class=\"dpt-date\"><time datetime=\"2015-03-04T16:45:54+01:00\">4 mars 2015<\/time><\/div><\/div><h3 class=\"dpt-title\"><a class=\"dpt-title-link\" href=\"https:\/\/bigbangyoga.org\/fr\/2015\/03\/04\/poor-god-pauvre-dieu\/\" rel=\"bookmark\">Pauvre Dieu!<\/a><\/h3><div class=\"dpt-excerpt\">D\u00c9BATS: LE TEMPS,\u00a0\u00a0lundi 19 janvier 2015 Pauvre Dieu! Naginder Sehmi, Gen\u00e8ve Mon Dieu est une Force supr\u00eame toute-puissante et omnipr\u00e9sente; <p class=\"dpt-link-more\"><a class=\"dpt-more-link\" href=\"https:\/\/bigbangyoga.org\/fr\/2015\/03\/04\/poor-god-pauvre-dieu\/\">Lire plus <span class=\"screen-reader-text\">Pauvre Dieu!<\/span><\/a><\/p><\/div><\/div><\/div>\n\t\t\t\t<\/div><!-- .dpt-entry -->\n\t\t\t\t\t\t\t\t<div class=\"dpt-entry has-thumbnail\">\n\t\t\t\t\t<div class=\"dpt-entry-wrapper\"><div class=\" dpt-featured-content\"><a href=\"https:\/\/bigbangyoga.org\/fr\/2015\/03\/04\/god\/\" class=\"dpt-permalink\"><span class=\"screen-reader-text\">La guerre entre les \u00ab religions de la paix \u00bb<\/span><\/a><div class=\"dpt-thumbnail landscape\"><img loading=\"lazy\" decoding=\"async\" width=\"844\" height=\"182\" src=\"https:\/\/bigbangyoga.org\/wp-content\/uploads\/2015\/04\/Spirit1-e1444658265984.png\" class=\"attachment-dpt-medium size-dpt-medium wp-post-image\" alt=\"\" srcset=\"https:\/\/bigbangyoga.org\/wp-content\/uploads\/2015\/04\/Spirit1-e1444658265984.png 844w, https:\/\/bigbangyoga.org\/wp-content\/uploads\/2015\/04\/Spirit1-e1444658265984-300x65.png 300w, https:\/\/bigbangyoga.org\/wp-content\/uploads\/2015\/04\/Spirit1-e1444658265984-768x166.png 768w\" sizes=\"auto, (max-width: 844px) 100vw, 844px\" \/><\/div><\/div><div class=\" sub-entry\"><div class=\"dpt-meta dpt-meta1\"><div class=\"dpt-author\"><a href=\"https:\/\/bigbangyoga.org\/fr\/author\/nsehmi\/\"><span>Naginder Sehmi<\/span><\/a><\/div> &middot; <div class=\"dpt-date\"><time datetime=\"2015-03-04T16:23:48+01:00\">4 mars 2015<\/time><\/div><\/div><h3 class=\"dpt-title\"><a class=\"dpt-title-link\" href=\"https:\/\/bigbangyoga.org\/fr\/2015\/03\/04\/god\/\" rel=\"bookmark\">La guerre entre les \u00ab religions de la paix \u00bb<\/a><\/h3><div class=\"dpt-excerpt\">LE TEMPS &#8211; \u00a0Gen\u00e8ve, Jeudi 19\u00a0f\u00e9vrier 2015 OPINION La guerre entre les \u00ab\u00a0religions de la paix\u00a0\u00bb Naginder Sehmi* Les meneurs <p class=\"dpt-link-more\"><a class=\"dpt-more-link\" href=\"https:\/\/bigbangyoga.org\/fr\/2015\/03\/04\/god\/\">Lire plus <span class=\"screen-reader-text\">La guerre entre les \u00ab religions de la paix \u00bb<\/span><\/a><\/p><\/div><\/div><\/div>\n\t\t\t\t<\/div><!-- .dpt-entry -->\n\t\t\t\t\t\t\t\t<div class=\"dpt-entry has-thumbnail\">\n\t\t\t\t\t<div class=\"dpt-entry-wrapper\"><div class=\" dpt-featured-content\"><a href=\"https:\/\/bigbangyoga.org\/fr\/2015\/02\/03\/versets-du-adi-granth\/\" class=\"dpt-permalink\"><span class=\"screen-reader-text\">Versets du Adi Granth<\/span><\/a><div class=\"dpt-thumbnail portrait\"><img loading=\"lazy\" decoding=\"async\" width=\"159\" height=\"246\" src=\"https:\/\/bigbangyoga.org\/wp-content\/uploads\/2015\/01\/donkey.jpg\" class=\"attachment-dpt-medium size-dpt-medium wp-post-image\" alt=\"\" \/><\/div><\/div><div class=\" sub-entry\"><div class=\"dpt-meta dpt-meta1\"><div class=\"dpt-author\"><a href=\"https:\/\/bigbangyoga.org\/fr\/author\/nsehmi\/\"><span>Naginder Sehmi<\/span><\/a><\/div> &middot; <div class=\"dpt-date\"><time datetime=\"2015-02-03T12:16:13+01:00\">3 f\u00e9vrier 2015<\/time><\/div><\/div><h3 class=\"dpt-title\"><a class=\"dpt-title-link\" href=\"https:\/\/bigbangyoga.org\/fr\/2015\/02\/03\/versets-du-adi-granth\/\" rel=\"bookmark\">Versets du Adi Granth<\/a><\/h3><div class=\"dpt-excerpt\">Versets du livre sacr\u00e9 sikh R\u00e9cits de Kabir et Naginder Sehmi \u00e0 l&rsquo;occasion de la journ\u00e9e des Nations Unies organis\u00e9e <p class=\"dpt-link-more\"><a class=\"dpt-more-link\" href=\"https:\/\/bigbangyoga.org\/fr\/2015\/02\/03\/versets-du-adi-granth\/\">Lire plus <span class=\"screen-reader-text\">Versets du Adi Granth<\/span><\/a><\/p><\/div><\/div><\/div>\n\t\t\t\t<\/div><!-- .dpt-entry -->\n\t\t\t\t\n\t\t\t<\/div>\n\t\t\t<div class=\"dp-pagination\"><span aria-current=\"page\" class=\"page-numbers current\">1<\/span>\n<a class=\"page-numbers\" href=\"https:\/\/bigbangyoga.org\/fr\/wp-json\/wp\/v2\/pages\/7988\/?paged1=2\">2<\/a>\n<a class=\"next page-numbers\" href=\"https:\/\/bigbangyoga.org\/fr\/wp-json\/wp\/v2\/pages\/7988\/?paged1=2\">Suivant\u00a0\u00bb<\/a><\/div>\t\t\t<\/div>\n\t\t\t<\/div>\n\n\n\n<div class=\"wp-block-column meet-the-author-column is-layout-flow wp-block-column-is-layout-flow\" style=\"flex-basis:33.33%\"><div class=\"wp-block-image\">\n<figure class=\"aligncenter size-full is-resized\"><img loading=\"lazy\" decoding=\"async\" src=\"http:\/\/bigbangyoga.org\/wp-content\/uploads\/2022\/10\/nphoto1-225x300-1.jpg\" alt=\"\" class=\"wp-image-7616\" width=\"145\" height=\"194\"\/><\/figure>\n<\/div>\n\n\n<p><\/p>\n\n\n\n<div class=\"wp-block-group\"><div class=\"wp-block-group__inner-container is-layout-flow wp-block-group-is-layout-flow\">\n<p class=\"meet-the-author-text has-small-font-size\"><a href=\"https:\/\/bigbangyoga.org\/2022\/02\/15\/meet-the-author-french\/\"><strong>Naginder Singh Sehmi<\/strong> <\/a>est n\u00e9 au Kenya et passe maintenant sa retraite en Suisse, il reste n\u00e9anmoins en ses convictions un homme Indien et un Sikh qui \u00e0 pass\u00e9 une grande partie de sa vie \u00e0 franchir les croisements entre les cultures occidentales et orientales et les fronti\u00e8res entre science et Spiritualit\u00e9<\/p>\n<\/div><\/div>\n\n\n<form role=\"search\" method=\"get\" action=\"https:\/\/bigbangyoga.org\/fr\/\" class=\"wp-block-search__button-outside wp-block-search__text-button meet-the-author-text wp-block-search\"    ><label class=\"wp-block-search__label\" for=\"wp-block-search__input-1\" >Recherche<\/label><div class=\"wp-block-search__inside-wrapper\" ><input class=\"wp-block-search__input\" id=\"wp-block-search__input-1\" placeholder=\"Sujet de recherche...\" value=\"\" type=\"search\" name=\"s\" required \/><button aria-label=\"Go\" class=\"wp-block-search__button wp-element-button\" type=\"submit\" >Go<\/button><\/div><\/form><\/div>\n<\/div>\n<\/div><\/div>\n","protected":false},"excerpt":{"rendered":"<p>Naginder Singh Sehmi est n\u00e9 au Kenya et passe maintenant sa retraite en Suisse, il reste n\u00e9anmoins en ses convictions un homme Indien et un Sikh qui \u00e0 pass\u00e9 une grande partie de sa vie \u00e0 franchir les croisements entre les cultures occidentales et orientales et les fronti\u00e8res entre science et Spiritualit\u00e9<\/p>\n","protected":false},"author":2,"featured_media":7291,"parent":0,"menu_order":0,"comment_status":"closed","ping_status":"closed","template":"","meta":{"footnotes":""},"class_list":["post-7988","page","type-page","status-publish","has-post-thumbnail","hentry"],"_links":{"self":[{"href":"https:\/\/bigbangyoga.org\/fr\/wp-json\/wp\/v2\/pages\/7988","targetHints":{"allow":["GET"]}}],"collection":[{"href":"https:\/\/bigbangyoga.org\/fr\/wp-json\/wp\/v2\/pages"}],"about":[{"href":"https:\/\/bigbangyoga.org\/fr\/wp-json\/wp\/v2\/types\/page"}],"author":[{"embeddable":true,"href":"https:\/\/bigbangyoga.org\/fr\/wp-json\/wp\/v2\/users\/2"}],"replies":[{"embeddable":true,"href":"https:\/\/bigbangyoga.org\/fr\/wp-json\/wp\/v2\/comments?post=7988"}],"version-history":[{"count":5,"href":"https:\/\/bigbangyoga.org\/fr\/wp-json\/wp\/v2\/pages\/7988\/revisions"}],"predecessor-version":[{"id":8730,"href":"https:\/\/bigbangyoga.org\/fr\/wp-json\/wp\/v2\/pages\/7988\/revisions\/8730"}],"wp:featuredmedia":[{"embeddable":true,"href":"https:\/\/bigbangyoga.org\/fr\/wp-json\/wp\/v2\/media\/7291"}],"wp:attachment":[{"href":"https:\/\/bigbangyoga.org\/fr\/wp-json\/wp\/v2\/media?parent=7988"}],"curies":[{"name":"wp","href":"https:\/\/api.w.org\/{rel}","templated":true}]}}