{"id":7981,"date":"2022-10-31T13:54:58","date_gmt":"2022-10-31T12:54:58","guid":{"rendered":"https:\/\/bigbangyoga.org\/?page_id=7981"},"modified":"2022-11-17T17:16:28","modified_gmt":"2022-11-17T16:16:28","slug":"habitat","status":"publish","type":"page","link":"https:\/\/bigbangyoga.org\/fr\/habitat\/","title":{"rendered":"Habitat"},"content":{"rendered":"\n<div class=\"wp-block-group\"><div class=\"wp-block-group__inner-container is-layout-flow wp-block-group-is-layout-flow\">\n<div class=\"wp-block-columns is-layout-flex wp-container-core-columns-is-layout-9d6595d7 wp-block-columns-is-layout-flex\">\n<div class=\"wp-block-column is-layout-flow wp-block-column-is-layout-flow\" style=\"flex-basis:66.66%\">\n<div class=\"wp-block-columns is-layout-flex wp-container-core-columns-is-layout-9d6595d7 wp-block-columns-is-layout-flex\">\n<div class=\"wp-block-column is-layout-flow wp-block-column-is-layout-flow\"><\/div>\n<\/div>\n\n\n\t\t\t<style type=\"text\/css\">\n\t\t\t.display-post-types {opacity: 0;}\t\t\t<\/style>\n\t\t\t\t\t\t<div class=\"display-post-types\"><div id=\"dpt-wrapper-161\" class=\"dpt-wrapper dpt-grid1 centercrop land2 col-nr-3 multi-col dpt-cropped dpt-flex-wrap\" >\n\n\t\t\t\t\t\t\t<div class=\"dpt-entry no-thumbnail\">\n\t\t\t\t\t<div class=\"dpt-entry-wrapper\"><div class=\" dpt-featured-content\"><a href=\"https:\/\/bigbangyoga.org\/fr\/2015\/03\/19\/avenue-des-eidguenots-et-chemin-du-nant-cayla-quel-avenir-pour-ce-secteur\/\" class=\"dpt-permalink\"><span class=\"screen-reader-text\">Avenue des Eidguenots et Chemin du Nant-Cayla: Quel avenir pour ce secteur?<\/span><\/a><\/div><div class=\" sub-entry\"><div class=\"dpt-meta dpt-meta1\"><div class=\"dpt-author\"><a href=\"https:\/\/bigbangyoga.org\/fr\/author\/nsehmi\/\"><span>Naginder Sehmi<\/span><\/a><\/div> &middot; <div class=\"dpt-date\"><time datetime=\"2015-03-19T14:23:03+01:00\">19 mars 2015<\/time><\/div><\/div><h3 class=\"dpt-title\"><a class=\"dpt-title-link\" href=\"https:\/\/bigbangyoga.org\/fr\/2015\/03\/19\/avenue-des-eidguenots-et-chemin-du-nant-cayla-quel-avenir-pour-ce-secteur\/\" rel=\"bookmark\">Avenue des Eidguenots et Chemin du Nant-Cayla: Quel avenir pour ce secteur?<\/a><\/h3><div class=\"dpt-excerpt\">http:\/\/www.forum1203.ch\/PLQ-Eidguenots.html<\/div><\/div><\/div>\n\t\t\t\t<\/div><!-- .dpt-entry -->\n\t\t\t\t\t\t\t\t<div class=\"dpt-entry no-thumbnail\">\n\t\t\t\t\t<div class=\"dpt-entry-wrapper\"><div class=\" dpt-featured-content\"><a href=\"https:\/\/bigbangyoga.org\/fr\/2015\/01\/26\/la-seule-aide-valable-a-lafrique-est-la-creation-demplois\/\" class=\"dpt-permalink\"><span class=\"screen-reader-text\">La seule aide valable \u00e0 l&rsquo;Afrique est la cr\u00e9ation d&#8217;emplois<\/span><\/a><\/div><div class=\" sub-entry\"><div class=\"dpt-meta dpt-meta1\"><div class=\"dpt-author\"><a href=\"https:\/\/bigbangyoga.org\/fr\/author\/nsehmi\/\"><span>Naginder Sehmi<\/span><\/a><\/div> &middot; <div class=\"dpt-date\"><time datetime=\"2015-01-26T19:03:33+01:00\">26 janvier 2015<\/time><\/div><\/div><h3 class=\"dpt-title\"><a class=\"dpt-title-link\" href=\"https:\/\/bigbangyoga.org\/fr\/2015\/01\/26\/la-seule-aide-valable-a-lafrique-est-la-creation-demplois\/\" rel=\"bookmark\">La seule aide valable \u00e0 l&rsquo;Afrique est la cr\u00e9ation d&#8217;emplois<\/a><\/h3><div class=\"dpt-excerpt\">Le Temps, Gen\u00e8ve, la Suisse, mercredi 21 septembre 2005 La seule aide valable \u00e0 l&rsquo;Afrique est la cr\u00e9ation d&#8217;emplois Naginder <p class=\"dpt-link-more\"><a class=\"dpt-more-link\" href=\"https:\/\/bigbangyoga.org\/fr\/2015\/01\/26\/la-seule-aide-valable-a-lafrique-est-la-creation-demplois\/\">Lire plus <span class=\"screen-reader-text\">La seule aide valable \u00e0 l&rsquo;Afrique est la cr\u00e9ation d&#8217;emplois<\/span><\/a><\/p><\/div><\/div><\/div>\n\t\t\t\t<\/div><!-- .dpt-entry -->\n\t\t\t\t\n\t\t\t<\/div>\n\t\t\t<div class=\"dp-pagination\"><\/div>\t\t\t<\/div>\n\t\t\t<\/div>\n\n\n\n<div class=\"wp-block-column meet-the-author-column is-layout-flow wp-block-column-is-layout-flow\" style=\"flex-basis:33.33%\"><div class=\"wp-block-image\">\n<figure class=\"aligncenter size-full is-resized\"><img loading=\"lazy\" decoding=\"async\" src=\"http:\/\/bigbangyoga.org\/wp-content\/uploads\/2022\/10\/nphoto1-225x300-1.jpg\" alt=\"\" class=\"wp-image-7616\" width=\"145\" height=\"194\"\/><\/figure>\n<\/div>\n\n\n<p><\/p>\n\n\n\n<div class=\"wp-block-group\"><div class=\"wp-block-group__inner-container is-layout-flow wp-block-group-is-layout-flow\">\n<p class=\"meet-the-author-text has-small-font-size\"><a href=\"https:\/\/bigbangyoga.org\/2022\/02\/15\/meet-the-author-french\/\"><strong>Naginder Singh Sehmi<\/strong> <\/a>est n\u00e9 au Kenya et passe maintenant sa retraite en Suisse, il reste n\u00e9anmoins en ses convictions un homme Indien et un Sikh qui \u00e0 pass\u00e9 une grande partie de sa vie \u00e0 franchir les croisements entre les cultures occidentales et orientales et les fronti\u00e8res entre science et Spiritualit\u00e9<\/p>\n<\/div><\/div>\n\n\n<form role=\"search\" method=\"get\" action=\"https:\/\/bigbangyoga.org\/fr\/\" class=\"wp-block-search__button-outside wp-block-search__text-button meet-the-author-text wp-block-search\"    ><label class=\"wp-block-search__label\" for=\"wp-block-search__input-1\" >Rechercher<\/label><div class=\"wp-block-search__inside-wrapper\" ><input class=\"wp-block-search__input\" id=\"wp-block-search__input-1\" placeholder=\"Sujet de recherche...\" value=\"\" type=\"search\" name=\"s\" required \/><button aria-label=\"Go\" class=\"wp-block-search__button wp-element-button\" type=\"submit\" >Go<\/button><\/div><\/form><\/div>\n<\/div>\n<\/div><\/div>\n","protected":false},"excerpt":{"rendered":"<p>Naginder Singh Sehmi est n\u00e9 au Kenya et passe maintenant sa retraite en Suisse, il reste n\u00e9anmoins en ses convictions un homme Indien et un Sikh qui \u00e0 pass\u00e9 une grande partie de sa vie \u00e0 franchir les croisements entre les cultures occidentales et orientales et les fronti\u00e8res entre science et Spiritualit\u00e9<\/p>\n","protected":false},"author":2,"featured_media":6542,"parent":0,"menu_order":0,"comment_status":"closed","ping_status":"closed","template":"","meta":{"footnotes":""},"class_list":["post-7981","page","type-page","status-publish","has-post-thumbnail","hentry"],"_links":{"self":[{"href":"https:\/\/bigbangyoga.org\/fr\/wp-json\/wp\/v2\/pages\/7981","targetHints":{"allow":["GET"]}}],"collection":[{"href":"https:\/\/bigbangyoga.org\/fr\/wp-json\/wp\/v2\/pages"}],"about":[{"href":"https:\/\/bigbangyoga.org\/fr\/wp-json\/wp\/v2\/types\/page"}],"author":[{"embeddable":true,"href":"https:\/\/bigbangyoga.org\/fr\/wp-json\/wp\/v2\/users\/2"}],"replies":[{"embeddable":true,"href":"https:\/\/bigbangyoga.org\/fr\/wp-json\/wp\/v2\/comments?post=7981"}],"version-history":[{"count":5,"href":"https:\/\/bigbangyoga.org\/fr\/wp-json\/wp\/v2\/pages\/7981\/revisions"}],"predecessor-version":[{"id":8729,"href":"https:\/\/bigbangyoga.org\/fr\/wp-json\/wp\/v2\/pages\/7981\/revisions\/8729"}],"wp:featuredmedia":[{"embeddable":true,"href":"https:\/\/bigbangyoga.org\/fr\/wp-json\/wp\/v2\/media\/6542"}],"wp:attachment":[{"href":"https:\/\/bigbangyoga.org\/fr\/wp-json\/wp\/v2\/media?parent=7981"}],"curies":[{"name":"wp","href":"https:\/\/api.w.org\/{rel}","templated":true}]}}